{"id":925,"date":"2026-01-31T15:14:58","date_gmt":"2026-01-31T15:14:58","guid":{"rendered":"https:\/\/csb-gleitlager.de\/?page_id=925"},"modified":"2026-02-18T13:31:51","modified_gmt":"2026-02-18T13:31:51","slug":"csb-loziska-cz-kluzna-loziska-z-medenych-slitin","status":"publish","type":"page","link":"https:\/\/csb-gleitlager.de\/cs\/csb-loziska-cz-kluzna-loziska-z-medenych-slitin\/","title":{"rendered":"Gleitlager aus kupferlegierungen"},"content":{"rendered":"<div data-elementor-type=\"wp-page\" data-elementor-id=\"925\" class=\"elementor elementor-925\" data-elementor-post-type=\"page\">\n\t\t\t\t<div class=\"elementor-element elementor-element-cba8b7e e-flex e-con-boxed e-con e-parent\" data-id=\"cba8b7e\" data-element_type=\"container\" data-e-type=\"container\" data-settings=\"{&quot;background_background&quot;:&quot;classic&quot;}\">\n\t\t\t\t\t<div class=\"e-con-inner\">\n\t\t<div class=\"elementor-element elementor-element-23e41c5 e-con-full e-flex e-con e-child\" data-id=\"23e41c5\" data-element_type=\"container\" data-e-type=\"container\">\n\t\t\t\t<div class=\"elementor-element elementor-element-0b49762 elementor-widget elementor-widget-heading\" data-id=\"0b49762\" data-element_type=\"widget\" data-e-type=\"widget\" data-widget_type=\"heading.default\">\n\t\t\t\t\t<h1 class=\"elementor-heading-title elementor-size-default\">Gedrethe gleitlager aus kupferlegierungen wartungsarm\n<\/h1>\t\t\t\t<\/div>\n\t\t\t\t<\/div>\n\t\t\t\t\t<\/div>\n\t\t\t\t<\/div>\n\t\t<div class=\"elementor-element elementor-element-e8e89c0 e-flex e-con-boxed e-con e-parent\" data-id=\"e8e89c0\" data-element_type=\"container\" data-e-type=\"container\">\n\t\t\t\t\t<div class=\"e-con-inner\">\n\t\t<div class=\"elementor-element elementor-element-509e376 e-con-full e-flex e-con e-child\" data-id=\"509e376\" data-element_type=\"container\" data-e-type=\"container\">\n\t\t<div class=\"elementor-element elementor-element-c728813 e-con-full e-flex e-con e-child\" data-id=\"c728813\" data-element_type=\"container\" data-e-type=\"container\">\n\t\t\t\t<div class=\"elementor-element elementor-element-2bf5f3d elementor-widget elementor-widget-heading\" data-id=\"2bf5f3d\" data-element_type=\"widget\" data-e-type=\"widget\" data-widget_type=\"heading.default\">\n\t\t\t\t\t<h2 class=\"elementor-heading-title elementor-size-default\">Kupferlegierung Gleitlager, wartungsarm\n<\/h2>\t\t\t\t<\/div>\n\t\t\t\t<div class=\"elementor-element elementor-element-135b9f6 elementor-widget elementor-widget-text-editor\" data-id=\"135b9f6\" data-element_type=\"widget\" data-e-type=\"widget\" data-widget_type=\"text-editor.default\">\n\t\t\t\t\t\t\t\t\t<p>\u00a0<\/p><p><span style=\"font-weight: 400;\">Gedrehte Massiv-Gleitlager aus Kupferlegierungen, einbaufertig, verschlei\u00dffest und langlebig. Diese wartungsarmen Gleitlager bieten zuverl\u00e4ssige Performance unter hohen Belastungen und sind ideal f\u00fcr Maschinenbau, Automatisierung und industrielle Anwendungen, bei denen robuste Materialien, pr\u00e4zise Abmessungen und lange Lebensdauer entscheidend sind.<\/span><\/p><p><span style=\"font-weight: 400;\">Durch die wartungsarme Konstruktion reduzieren sie den Instandhaltungsaufwand und gew\u00e4hrleisten kontinuierliche Laufruhe.<\/span><\/p>\t\t\t\t\t\t\t\t<\/div>\n\t\t\t\t<div class=\"elementor-element elementor-element-5d56251 elementor-align-left elementor-widget elementor-widget-button\" data-id=\"5d56251\" data-element_type=\"widget\" data-e-type=\"widget\" data-widget_type=\"button.default\">\n\t\t\t\t\t\t\t\t\t\t<a class=\"elementor-button elementor-button-link elementor-size-sm\" href=\"https:\/\/csb-gleitlager.de\/cs\/csb-lozisko-cz-kontakt\/\">\n\t\t\t\t\t\t<span class=\"elementor-button-content-wrapper\">\n\t\t\t\t\t\t\t\t\t<span class=\"elementor-button-text\">Kontaktujte n\u00e1s<\/span>\n\t\t\t\t\t<\/span>\n\t\t\t\t\t<\/a>\n\t\t\t\t\t\t\t\t<\/div>\n\t\t\t\t<\/div>\n\t\t<div class=\"elementor-element elementor-element-5d60fdd e-con-full e-flex e-con e-child\" data-id=\"5d60fdd\" data-element_type=\"container\" data-e-type=\"container\" data-settings=\"{&quot;background_background&quot;:&quot;classic&quot;}\">\n\t\t\t\t<\/div>\n\t\t\t\t<\/div>\n\t\t\t\t\t<\/div>\n\t\t\t\t<\/div>\n\t\t<div class=\"elementor-element elementor-element-0fd4395 e-flex e-con-boxed e-con e-parent\" data-id=\"0fd4395\" data-element_type=\"container\" data-e-type=\"container\">\n\t\t\t\t\t<div class=\"e-con-inner\">\n\t\t\t\t<div class=\"elementor-element elementor-element-d582706 elementor-widget elementor-widget-heading\" data-id=\"d582706\" data-element_type=\"widget\" data-e-type=\"widget\" data-widget_type=\"heading.default\">\n\t\t\t\t\t<h2 class=\"elementor-heading-title elementor-size-default\">CSB600<\/h2>\t\t\t\t<\/div>\n\t\t\t\t<div class=\"elementor-element elementor-element-3e91d68 elementor-widget elementor-widget-image\" data-id=\"3e91d68\" data-element_type=\"widget\" data-e-type=\"widget\" data-widget_type=\"image.default\">\n\t\t\t\t\t\t\t\t\t\t\t\t\t\t\t\t<a href=\"https:\/\/drive.google.com\/file\/d\/1bp1mvHCnHspvkoXrI04n-doeV0ecXcXN\/view\" target=\"_blank\" rel=\"noopener\">\n\t\t\t\t\t\t\t<img fetchpriority=\"high\" decoding=\"async\" width=\"800\" height=\"1000\" src=\"https:\/\/csb-gleitlager.de\/wp-content\/uploads\/2026\/02\/Untitled-design-16-1-819x1024.png\" class=\"attachment-large size-large wp-image-1658\" alt=\"Bronze Gleitlager,\" srcset=\"https:\/\/csb-gleitlager.de\/wp-content\/uploads\/2026\/02\/Untitled-design-16-1-819x1024.png 819w, https:\/\/csb-gleitlager.de\/wp-content\/uploads\/2026\/02\/Untitled-design-16-1-240x300.png 240w, https:\/\/csb-gleitlager.de\/wp-content\/uploads\/2026\/02\/Untitled-design-16-1-768x960.png 768w, https:\/\/csb-gleitlager.de\/wp-content\/uploads\/2026\/02\/Untitled-design-16-1-10x12.png 10w, https:\/\/csb-gleitlager.de\/wp-content\/uploads\/2026\/02\/Untitled-design-16-1.png 1080w\" sizes=\"(max-width: 800px) 100vw, 800px\" \/>\t\t\t\t\t\t\t\t<\/a>\n\t\t\t\t\t\t\t\t\t\t\t\t\t\t\t<\/div>\n\t\t\t\t\t<\/div>\n\t\t\t\t<\/div>\n\t\t<div class=\"elementor-element elementor-element-fd64d6b e-flex e-con-boxed e-con e-parent\" data-id=\"fd64d6b\" data-element_type=\"container\" data-e-type=\"container\" data-settings=\"{&quot;background_background&quot;:&quot;classic&quot;}\">\n\t\t\t\t\t<div class=\"e-con-inner\">\n\t\t<div class=\"elementor-element elementor-element-0d9aa67 e-con-full e-flex e-con e-child\" data-id=\"0d9aa67\" data-element_type=\"container\" data-e-type=\"container\">\n\t\t<div class=\"elementor-element elementor-element-f044be4 e-con-full e-flex e-con e-child\" data-id=\"f044be4\" data-element_type=\"container\" data-e-type=\"container\">\n\t\t<div class=\"elementor-element elementor-element-56de0fd e-con-full e-flex e-con e-child\" data-id=\"56de0fd\" data-element_type=\"container\" data-e-type=\"container\">\n\t\t\t\t<div class=\"elementor-element elementor-element-586f0c6 elementor-widget elementor-widget-heading\" data-id=\"586f0c6\" data-element_type=\"widget\" data-e-type=\"widget\" data-widget_type=\"heading.default\">\n\t\t\t\t\t<h2 class=\"elementor-heading-title elementor-size-default\">Odbornost v r\u016fzn\u00fdch odv\u011btv\u00edch<\/h2>\t\t\t\t<\/div>\n\t\t\t\t<\/div>\n\t\t\t\t<\/div>\n\t\t<div class=\"elementor-element elementor-element-5cb868a e-con-full e-flex e-con e-child\" data-id=\"5cb868a\" data-element_type=\"container\" data-e-type=\"container\">\n\t\t<div class=\"elementor-element elementor-element-b5ed141 e-con-full e-flex e-con e-child\" data-id=\"b5ed141\" data-element_type=\"container\" data-e-type=\"container\">\n\t\t\t\t<div class=\"elementor-element elementor-element-fbb0f0d elementor-view-framed elementor-shape-square elementor-position-inline-start elementor-mobile-position-block-start elementor-widget elementor-widget-icon-box\" data-id=\"fbb0f0d\" data-element_type=\"widget\" data-e-type=\"widget\" data-widget_type=\"icon-box.default\">\n\t\t\t\t\t\t\t<div class=\"elementor-icon-box-wrapper\">\n\n\t\t\t\t\t\t<div class=\"elementor-icon-box-icon\">\n\t\t\t\t<span  class=\"elementor-icon\">\n\t\t\t\t<svg aria-hidden=\"true\" class=\"e-font-icon-svg e-fas-lightbulb\" viewbox=\"0 0 352 512\" xmlns=\"http:\/\/www.w3.org\/2000\/svg\"><path d=\"M96.06 454.35c.01 6.29 1.87 12.45 5.36 17.69l17.09 25.69a31.99 31.99 0 0 0 26.64 14.28h61.71a31.99 31.99 0 0 0 26.64-14.28l17.09-25.69a31.989 31.989 0 0 0 5.36-17.69l.04-38.35H96.01l.05 38.35zM0 176c0 44.37 16.45 84.85 43.56 115.78 16.52 18.85 42.36 58.23 52.21 91.45.04.26.07.52.11.78h160.24c.04-.26.07-.51.11-.78 9.85-33.22 35.69-72.6 52.21-91.45C335.55 260.85 352 220.37 352 176 352 78.61 272.91-.3 175.45 0 73.44.31 0 82.97 0 176zm176-80c-44.11 0-80 35.89-80 80 0 8.84-7.16 16-16 16s-16-7.16-16-16c0-61.76 50.24-112 112-112 8.84 0 16 7.16 16 16s-7.16 16-16 16z\"><\/path><\/svg>\t\t\t\t<\/span>\n\t\t\t<\/div>\n\t\t\t\n\t\t\t\t\t\t<div class=\"elementor-icon-box-content\">\n\n\t\t\t\t\t\t\t\t\t<h3 class=\"elementor-icon-box-title\">\n\t\t\t\t\t\t<span  >\n\t\t\t\t\t\t\tKompetence v r\u016fzn\u00fdch odv\u011btv\u00edch\t\t\t\t\t\t<\/span>\n\t\t\t\t\t<\/h3>\n\t\t\t\t\n\t\t\t\t\t\t\t\t\t<p class=\"elementor-icon-box-description\">\n\t\t\t\t\t\t\nUmfassendes Know-how in Gleitlagern \u2013 von Konstruktion bis Anwendung in der Automobilindustrie, Hydraulik, F\u00f6rdertechnik und weiteren Industriezweigen.\t\t\t\t\t<\/p>\n\t\t\t\t\n\t\t\t<\/div>\n\t\t\t\n\t\t<\/div>\n\t\t\t\t\t\t<\/div>\n\t\t\t\t<\/div>\n\t\t<div class=\"elementor-element elementor-element-54940fd e-con-full e-flex e-con e-child\" data-id=\"54940fd\" data-element_type=\"container\" data-e-type=\"container\">\n\t\t\t\t<div class=\"elementor-element elementor-element-9c4f920 elementor-view-framed elementor-shape-square elementor-position-inline-start elementor-mobile-position-block-start elementor-widget elementor-widget-icon-box\" data-id=\"9c4f920\" data-element_type=\"widget\" data-e-type=\"widget\" data-widget_type=\"icon-box.default\">\n\t\t\t\t\t\t\t<div class=\"elementor-icon-box-wrapper\">\n\n\t\t\t\t\t\t<div class=\"elementor-icon-box-icon\">\n\t\t\t\t<span  class=\"elementor-icon\">\n\t\t\t\t<svg aria-hidden=\"true\" class=\"e-font-icon-svg e-fas-medal\" viewbox=\"0 0 512 512\" xmlns=\"http:\/\/www.w3.org\/2000\/svg\"><path d=\"M223.75 130.75L154.62 15.54A31.997 31.997 0 0 0 127.18 0H16.03C3.08 0-4.5 14.57 2.92 25.18l111.27 158.96c29.72-27.77 67.52-46.83 109.56-53.39zM495.97 0H384.82c-11.24 0-21.66 5.9-27.44 15.54l-69.13 115.21c42.04 6.56 79.84 25.62 109.56 53.38L509.08 25.18C516.5 14.57 508.92 0 495.97 0zM256 160c-97.2 0-176 78.8-176 176s78.8 176 176 176 176-78.8 176-176-78.8-176-176-176zm92.52 157.26l-37.93 36.96 8.97 52.22c1.6 9.36-8.26 16.51-16.65 12.09L256 393.88l-46.9 24.65c-8.4 4.45-18.25-2.74-16.65-12.09l8.97-52.22-37.93-36.96c-6.82-6.64-3.05-18.23 6.35-19.59l52.43-7.64 23.43-47.52c2.11-4.28 6.19-6.39 10.28-6.39 4.11 0 8.22 2.14 10.33 6.39l23.43 47.52 52.43 7.64c9.4 1.36 13.17 12.95 6.35 19.59z\"><\/path><\/svg>\t\t\t\t<\/span>\n\t\t\t<\/div>\n\t\t\t\n\t\t\t\t\t\t<div class=\"elementor-icon-box-content\">\n\n\t\t\t\t\t\t\t\t\t<h3 class=\"elementor-icon-box-title\">\n\t\t\t\t\t\t<span  >\n\t\t\t\t\t\t\tV\u00edce ne\u017e 20 let zku\u0161enost\u00ed\t\t\t\t\t\t<\/span>\n\t\t\t\t\t<\/h3>\n\t\t\t\t\n\t\t\t\t\t\t\t\t\t<p class=\"elementor-icon-box-description\">\n\t\t\t\t\t\tKnow-how ov\u011b\u0159en\u00e9 z\u00e1kazn\u00edky, kombinovan\u00e9 s p\u0159\u00edstupem orientovan\u00fdm na \u0159e\u0161en\u00ed, zaji\u0161\u0165uje technicky spolehliv\u00e1 a ekonomicky optimalizovan\u00e1 kluzn\u00e1 lo\u017eiska.\t\t\t\t\t<\/p>\n\t\t\t\t\n\t\t\t<\/div>\n\t\t\t\n\t\t<\/div>\n\t\t\t\t\t\t<\/div>\n\t\t\t\t<\/div>\n\t\t\t\t<\/div>\n\t\t<div class=\"elementor-element elementor-element-5bf56fc e-con-full e-flex e-con e-child\" data-id=\"5bf56fc\" data-element_type=\"container\" data-e-type=\"container\">\n\t\t<div class=\"elementor-element elementor-element-7eb68b7 e-con-full e-flex e-con e-child\" data-id=\"7eb68b7\" data-element_type=\"container\" data-e-type=\"container\">\n\t\t\t\t<div class=\"elementor-element elementor-element-0aab5c2 elementor-view-framed elementor-shape-square elementor-position-inline-start elementor-mobile-position-block-start elementor-widget elementor-widget-icon-box\" data-id=\"0aab5c2\" data-element_type=\"widget\" data-e-type=\"widget\" data-widget_type=\"icon-box.default\">\n\t\t\t\t\t\t\t<div class=\"elementor-icon-box-wrapper\">\n\n\t\t\t\t\t\t<div class=\"elementor-icon-box-icon\">\n\t\t\t\t<span  class=\"elementor-icon\">\n\t\t\t\t<svg aria-hidden=\"true\" class=\"e-font-icon-svg e-fas-flask\" viewbox=\"0 0 448 512\" xmlns=\"http:\/\/www.w3.org\/2000\/svg\"><path d=\"M437.2 403.5L320 215V64h8c13.3 0 24-10.7 24-24V24c0-13.3-10.7-24-24-24H120c-13.3 0-24 10.7-24 24v16c0 13.3 10.7 24 24 24h8v151L10.8 403.5C-18.5 450.6 15.3 512 70.9 512h306.2c55.7 0 89.4-61.5 60.1-108.5zM137.9 320l48.2-77.6c3.7-5.2 5.8-11.6 5.8-18.4V64h64v160c0 6.9 2.2 13.2 5.8 18.4l48.2 77.6h-172z\"><\/path><\/svg>\t\t\t\t<\/span>\n\t\t\t<\/div>\n\t\t\t\n\t\t\t\t\t\t<div class=\"elementor-icon-box-content\">\n\n\t\t\t\t\t\t\t\t\t<h3 class=\"elementor-icon-box-title\">\n\t\t\t\t\t\t<span  >\n\t\t\t\t\t\t\tInovace a technick\u00e1 podpora\t\t\t\t\t\t<\/span>\n\t\t\t\t\t<\/h3>\n\t\t\t\t\n\t\t\t\t\t\t\t\t\t<p class=\"elementor-icon-box-description\">\n\t\t\t\t\t\tPodpora spole\u010dnosti CSB Bearings Technologies a jej\u00edho R&amp;D centra specializovan\u00e9ho na v\u00fdzkum a industrializaci vysoce v\u00fdkonn\u00fdch materi\u00e1l\u016f.\t\t\t\t\t<\/p>\n\t\t\t\t\n\t\t\t<\/div>\n\t\t\t\n\t\t<\/div>\n\t\t\t\t\t\t<\/div>\n\t\t\t\t<\/div>\n\t\t<div class=\"elementor-element elementor-element-7f016fe e-con-full e-flex e-con e-child\" data-id=\"7f016fe\" data-element_type=\"container\" data-e-type=\"container\">\n\t\t\t\t<div class=\"elementor-element elementor-element-3cbcb44 elementor-view-framed elementor-shape-square elementor-position-inline-start elementor-mobile-position-block-start elementor-widget elementor-widget-icon-box\" data-id=\"3cbcb44\" data-element_type=\"widget\" data-e-type=\"widget\" data-widget_type=\"icon-box.default\">\n\t\t\t\t\t\t\t<div class=\"elementor-icon-box-wrapper\">\n\n\t\t\t\t\t\t<div class=\"elementor-icon-box-icon\">\n\t\t\t\t<span  class=\"elementor-icon\">\n\t\t\t\t<svg aria-hidden=\"true\" class=\"e-font-icon-svg e-fas-user\" viewbox=\"0 0 448 512\" xmlns=\"http:\/\/www.w3.org\/2000\/svg\"><path d=\"M224 256c70.7 0 128-57.3 128-128S294.7 0 224 0 96 57.3 96 128s57.3 128 128 128zm89.6 32h-16.7c-22.2 10.2-46.9 16-72.9 16s-50.6-5.8-72.9-16h-16.7C60.2 288 0 348.2 0 422.4V464c0 26.5 21.5 48 48 48h352c26.5 0 48-21.5 48-48v-41.6c0-74.2-60.2-134.4-134.4-134.4z\"><\/path><\/svg>\t\t\t\t<\/span>\n\t\t\t<\/div>\n\t\t\t\n\t\t\t\t\t\t<div class=\"elementor-icon-box-content\">\n\n\t\t\t\t\t\t\t\t\t<h3 class=\"elementor-icon-box-title\">\n\t\t\t\t\t\t<span  >\n\t\t\t\t\t\t\tLok\u00e1ln\u00ed a zku\u0161en\u00fd z\u00e1kaznick\u00fd kontakt\t\t\t\t\t\t<\/span>\n\t\t\t\t\t<\/h3>\n\t\t\t\t\n\t\t\t\t\t\t\t\t\t<p class=\"elementor-icon-box-description\">\n\t\t\t\t\t\tOsobn\u00ed kontakt p\u0159\u00edmo v zemi zaji\u0161\u0165uje rychl\u00fd, efektivn\u00ed a individu\u00e1ln\u00ed servis.\t\t\t\t\t<\/p>\n\t\t\t\t\n\t\t\t<\/div>\n\t\t\t\n\t\t<\/div>\n\t\t\t\t\t\t<\/div>\n\t\t\t\t<\/div>\n\t\t\t\t<\/div>\n\t\t\t\t<\/div>\n\t\t\t\t\t<\/div>\n\t\t\t\t<\/div>\n\t\t\t\t<\/div>","protected":false},"excerpt":{"rendered":"<p>Gedrethe gleitlager aus kupferlegierungen wartungsarm Kupferlegierung Gleitlager, wartungsarm \u00a0 Gedrehte Massiv-Gleitlager aus Kupferlegierungen, einbaufertig, verschlei\u00dffest und langlebig. Diese wartungsarmen Gleitlager bieten zuverl\u00e4ssige Performance unter hohen Belastungen und sind ideal f\u00fcr Maschinenbau, Automatisierung und industrielle Anwendungen, bei denen robuste Materialien, pr\u00e4zise Abmessungen und lange Lebensdauer entscheidend sind. Durch die wartungsarme Konstruktion reduzieren sie den Instandhaltungsaufwand und [&hellip;]<\/p>\n","protected":false},"author":1,"featured_media":0,"parent":0,"menu_order":0,"comment_status":"closed","ping_status":"closed","template":"","meta":{"footnotes":""},"class_list":["post-925","page","type-page","status-publish","hentry"],"_links":{"self":[{"href":"https:\/\/csb-gleitlager.de\/cs\/wp-json\/wp\/v2\/pages\/925","targetHints":{"allow":["GET"]}}],"collection":[{"href":"https:\/\/csb-gleitlager.de\/cs\/wp-json\/wp\/v2\/pages"}],"about":[{"href":"https:\/\/csb-gleitlager.de\/cs\/wp-json\/wp\/v2\/types\/page"}],"author":[{"embeddable":true,"href":"https:\/\/csb-gleitlager.de\/cs\/wp-json\/wp\/v2\/users\/1"}],"replies":[{"embeddable":true,"href":"https:\/\/csb-gleitlager.de\/cs\/wp-json\/wp\/v2\/comments?post=925"}],"version-history":[{"count":29,"href":"https:\/\/csb-gleitlager.de\/cs\/wp-json\/wp\/v2\/pages\/925\/revisions"}],"predecessor-version":[{"id":1832,"href":"https:\/\/csb-gleitlager.de\/cs\/wp-json\/wp\/v2\/pages\/925\/revisions\/1832"}],"wp:attachment":[{"href":"https:\/\/csb-gleitlager.de\/cs\/wp-json\/wp\/v2\/media?parent=925"}],"curies":[{"name":"wp","href":"https:\/\/api.w.org\/{rel}","templated":true}]}}