{"id":916,"date":"2026-01-31T14:55:03","date_gmt":"2026-01-31T14:55:03","guid":{"rendered":"https:\/\/csb-gleitlager.de\/?page_id=916"},"modified":"2026-02-20T14:36:29","modified_gmt":"2026-02-20T14:36:29","slug":"csb-lozyska-pl-lozyska-slizgowe-z-roznych-materialow","status":"publish","type":"page","link":"https:\/\/csb-gleitlager.de\/pl\/csb-lozyska-pl-lozyska-slizgowe-z-roznych-materialow\/","title":{"rendered":"Gleitalger aus verschiedenen"},"content":{"rendered":"<div data-elementor-type=\"wp-page\" data-elementor-id=\"916\" class=\"elementor elementor-916\" data-elementor-post-type=\"page\">\n\t\t\t\t<div class=\"elementor-element elementor-element-f59e5cd e-flex e-con-boxed e-con e-parent\" data-id=\"f59e5cd\" data-element_type=\"container\" data-e-type=\"container\" data-settings=\"{&quot;background_background&quot;:&quot;classic&quot;}\">\n\t\t\t\t\t<div class=\"e-con-inner\">\n\t\t<div class=\"elementor-element elementor-element-c06a65b e-con-full e-flex e-con e-child\" data-id=\"c06a65b\" data-element_type=\"container\" data-e-type=\"container\">\n\t\t\t\t<div class=\"elementor-element elementor-element-c747250 elementor-widget elementor-widget-heading\" data-id=\"c747250\" data-element_type=\"widget\" data-e-type=\"widget\" data-widget_type=\"heading.default\">\n\t\t\t\t\t<h1 class=\"elementor-heading-title elementor-size-default\">\u0141o\u017cyska z r\u00f3\u017cnych metali spiekanych, samosmaruj\u0105ce \n<\/h1>\t\t\t\t<\/div>\n\t\t\t\t<\/div>\n\t\t\t\t\t<\/div>\n\t\t\t\t<\/div>\n\t\t<div class=\"elementor-element elementor-element-fa0a0d7 e-flex e-con-boxed e-con e-parent\" data-id=\"fa0a0d7\" data-element_type=\"container\" data-e-type=\"container\">\n\t\t\t\t\t<div class=\"e-con-inner\">\n\t\t<div class=\"elementor-element elementor-element-ab24efa e-con-full e-flex e-con e-child\" data-id=\"ab24efa\" data-element_type=\"container\" data-e-type=\"container\">\n\t\t<div class=\"elementor-element elementor-element-a499100 e-con-full e-flex e-con e-child\" data-id=\"a499100\" data-element_type=\"container\" data-e-type=\"container\">\n\t\t\t\t<div class=\"elementor-element elementor-element-d9bef8c elementor-widget elementor-widget-heading\" data-id=\"d9bef8c\" data-element_type=\"widget\" data-e-type=\"widget\" data-widget_type=\"heading.default\">\n\t\t\t\t\t<h2 class=\"elementor-heading-title elementor-size-default\">\u0141o\u017cyska spiekane\n<\/h2>\t\t\t\t<\/div>\n\t\t\t\t<div class=\"elementor-element elementor-element-44e9a1e elementor-widget elementor-widget-text-editor\" data-id=\"44e9a1e\" data-element_type=\"widget\" data-e-type=\"widget\" data-widget_type=\"text-editor.default\">\n\t\t\t\t\t\t\t\t\t<p><span style=\"font-weight: 400;\">\u0141o\u017cyska wykonane z r\u00f3\u017cnych metali spiekanych, samosmaruj\u0105ce i bezobs\u0142ugowe, \u0142\u0105cz\u0105 maksymaln\u0105 odporno\u015b\u0107 na zu\u017cycie z odporno\u015bci\u0105 chemiczn\u0105. Gotowe do monta\u017cu i zgodne z RoHS, te \u0142o\u017cyska zapewniaj\u0105 niezawodne dzia\u0142anie, d\u0142ug\u0105 \u017cywotno\u015b\u0107 i minimaln\u0105 konserwacj\u0119.\u00a0<\/span><\/p><p><span style=\"font-weight: 400;\">Idealne do in\u017cynierii mechanicznej, automatyki oraz zastosowa\u0144 przemys\u0142owych, gdzie kluczowe s\u0105 ci\u0105g\u0142e smarowanie, stabilna p\u0142ynno\u015b\u0107 pracy i trwa\u0142e parametry dzia\u0142ania.<\/span><\/p>\t\t\t\t\t\t\t\t<\/div>\n\t\t\t\t<div class=\"elementor-element elementor-element-05aaaab elementor-align-left elementor-widget elementor-widget-button\" data-id=\"05aaaab\" data-element_type=\"widget\" data-e-type=\"widget\" data-widget_type=\"button.default\">\n\t\t\t\t\t\t\t\t\t\t<a class=\"elementor-button elementor-button-link elementor-size-sm\" href=\"https:\/\/csb-gleitlager.de\/pl\/csb-lozysko-pl-kontakt\/\">\n\t\t\t\t\t\t<span class=\"elementor-button-content-wrapper\">\n\t\t\t\t\t\t\t\t\t<span class=\"elementor-button-text\">Skontaktuj si\u0119 z nami<\/span>\n\t\t\t\t\t<\/span>\n\t\t\t\t\t<\/a>\n\t\t\t\t\t\t\t\t<\/div>\n\t\t\t\t<\/div>\n\t\t<div class=\"elementor-element elementor-element-2d85450 e-con-full e-flex e-con e-child\" data-id=\"2d85450\" data-element_type=\"container\" data-e-type=\"container\" data-settings=\"{&quot;background_background&quot;:&quot;classic&quot;}\">\n\t\t\t\t<\/div>\n\t\t\t\t<\/div>\n\t\t\t\t\t<\/div>\n\t\t\t\t<\/div>\n\t\t<div class=\"elementor-element elementor-element-ce455dd e-flex e-con-boxed e-con e-parent\" data-id=\"ce455dd\" data-element_type=\"container\" data-e-type=\"container\">\n\t\t\t\t\t<div class=\"e-con-inner\">\n\t\t<div class=\"elementor-element elementor-element-d9174af e-con-full e-flex e-con e-child\" data-id=\"d9174af\" data-element_type=\"container\" data-e-type=\"container\">\n\t\t\t\t<div class=\"elementor-element elementor-element-eb52261 elementor-widget elementor-widget-heading\" data-id=\"eb52261\" data-element_type=\"widget\" data-e-type=\"widget\" data-widget_type=\"heading.default\">\n\t\t\t\t\t<h2 class=\"elementor-heading-title elementor-size-default\">CSBSNF<\/h2>\t\t\t\t<\/div>\n\t\t\t\t<div class=\"elementor-element elementor-element-4a392f7 elementor-widget elementor-widget-image\" data-id=\"4a392f7\" data-element_type=\"widget\" data-e-type=\"widget\" data-widget_type=\"image.default\">\n\t\t\t\t\t\t\t\t\t\t\t\t\t\t\t\t<a href=\"https:\/\/drive.google.com\/file\/d\/1eARCET_ELLBoexdwuK4_tTX10zCIF-P-\/view\" target=\"_blank\" rel=\"noopener\">\n\t\t\t\t\t\t\t<img fetchpriority=\"high\" decoding=\"async\" width=\"800\" height=\"1000\" src=\"https:\/\/csb-gleitlager.de\/wp-content\/uploads\/2026\/02\/Untitled-design-9-4-819x1024.png\" class=\"attachment-large size-large wp-image-1692\" alt=\"Sintermetall Gleitlager\" srcset=\"https:\/\/csb-gleitlager.de\/wp-content\/uploads\/2026\/02\/Untitled-design-9-4-819x1024.png 819w, https:\/\/csb-gleitlager.de\/wp-content\/uploads\/2026\/02\/Untitled-design-9-4-240x300.png 240w, https:\/\/csb-gleitlager.de\/wp-content\/uploads\/2026\/02\/Untitled-design-9-4-768x960.png 768w, https:\/\/csb-gleitlager.de\/wp-content\/uploads\/2026\/02\/Untitled-design-9-4-10x12.png 10w, https:\/\/csb-gleitlager.de\/wp-content\/uploads\/2026\/02\/Untitled-design-9-4.png 1080w\" sizes=\"(max-width: 800px) 100vw, 800px\" \/>\t\t\t\t\t\t\t\t<\/a>\n\t\t\t\t\t\t\t\t\t\t\t\t\t\t\t<\/div>\n\t\t\t\t<\/div>\n\t\t<div class=\"elementor-element elementor-element-e3a4dfc e-con-full e-flex e-con e-child\" data-id=\"e3a4dfc\" data-element_type=\"container\" data-e-type=\"container\">\n\t\t\t\t<div class=\"elementor-element elementor-element-ab591f0 elementor-widget elementor-widget-heading\" data-id=\"ab591f0\" data-element_type=\"widget\" data-e-type=\"widget\" data-widget_type=\"heading.default\">\n\t\t\t\t\t<h2 class=\"elementor-heading-title elementor-size-default\">CSB85H<\/h2>\t\t\t\t<\/div>\n\t\t\t\t<div class=\"elementor-element elementor-element-df59387 elementor-widget elementor-widget-image\" data-id=\"df59387\" data-element_type=\"widget\" data-e-type=\"widget\" data-widget_type=\"image.default\">\n\t\t\t\t\t\t\t\t\t\t\t\t\t\t\t\t<a href=\"https:\/\/drive.google.com\/file\/d\/1sFtw3Vb9TAkgpuIaTHfts0ML_bEfpLsk\/view\" target=\"_blank\" rel=\"noopener\">\n\t\t\t\t\t\t\t<img decoding=\"async\" width=\"800\" height=\"1000\" src=\"https:\/\/csb-gleitlager.de\/wp-content\/uploads\/2026\/02\/10-3-819x1024.png\" class=\"attachment-large size-large wp-image-1886\" alt=\"Gleitalger aus verschiedenen\" srcset=\"https:\/\/csb-gleitlager.de\/wp-content\/uploads\/2026\/02\/10-3-819x1024.png 819w, https:\/\/csb-gleitlager.de\/wp-content\/uploads\/2026\/02\/10-3-240x300.png 240w, https:\/\/csb-gleitlager.de\/wp-content\/uploads\/2026\/02\/10-3-768x960.png 768w, https:\/\/csb-gleitlager.de\/wp-content\/uploads\/2026\/02\/10-3-10x12.png 10w, https:\/\/csb-gleitlager.de\/wp-content\/uploads\/2026\/02\/10-3.png 1080w\" sizes=\"(max-width: 800px) 100vw, 800px\" \/>\t\t\t\t\t\t\t\t<\/a>\n\t\t\t\t\t\t\t\t\t\t\t\t\t\t\t<\/div>\n\t\t\t\t<\/div>\n\t\t\t\t\t<\/div>\n\t\t\t\t<\/div>\n\t\t<div class=\"elementor-element elementor-element-a8f9409 e-flex e-con-boxed e-con e-parent\" data-id=\"a8f9409\" data-element_type=\"container\" data-e-type=\"container\" data-settings=\"{&quot;background_background&quot;:&quot;classic&quot;}\">\n\t\t\t\t\t<div class=\"e-con-inner\">\n\t\t<div class=\"elementor-element elementor-element-3c0bb34 e-con-full e-flex e-con e-child\" data-id=\"3c0bb34\" data-element_type=\"container\" data-e-type=\"container\">\n\t\t<div class=\"elementor-element elementor-element-f9d1693 e-con-full e-flex e-con e-child\" data-id=\"f9d1693\" data-element_type=\"container\" data-e-type=\"container\">\n\t\t<div class=\"elementor-element elementor-element-64cc94b e-con-full e-flex e-con e-child\" data-id=\"64cc94b\" data-element_type=\"container\" data-e-type=\"container\">\n\t\t\t\t<div class=\"elementor-element elementor-element-73e4341 elementor-widget elementor-widget-heading\" data-id=\"73e4341\" data-element_type=\"widget\" data-e-type=\"widget\" data-widget_type=\"heading.default\">\n\t\t\t\t\t<h2 class=\"elementor-heading-title elementor-size-default\">Dlaczego warto wybra\u0107 CSB?<\/h2>\t\t\t\t<\/div>\n\t\t\t\t<\/div>\n\t\t\t\t<\/div>\n\t\t<div class=\"elementor-element elementor-element-dedf182 e-con-full e-flex e-con e-child\" data-id=\"dedf182\" data-element_type=\"container\" data-e-type=\"container\">\n\t\t<div class=\"elementor-element elementor-element-f8a8fea e-con-full e-flex e-con e-child\" data-id=\"f8a8fea\" data-element_type=\"container\" data-e-type=\"container\">\n\t\t\t\t<div class=\"elementor-element elementor-element-529be24 elementor-view-framed elementor-shape-square elementor-position-inline-start elementor-mobile-position-block-start elementor-widget elementor-widget-icon-box\" data-id=\"529be24\" data-element_type=\"widget\" data-e-type=\"widget\" data-widget_type=\"icon-box.default\">\n\t\t\t\t\t\t\t<div class=\"elementor-icon-box-wrapper\">\n\n\t\t\t\t\t\t<div class=\"elementor-icon-box-icon\">\n\t\t\t\t<span  class=\"elementor-icon\">\n\t\t\t\t<svg aria-hidden=\"true\" class=\"e-font-icon-svg e-fas-lightbulb\" viewbox=\"0 0 352 512\" xmlns=\"http:\/\/www.w3.org\/2000\/svg\"><path d=\"M96.06 454.35c.01 6.29 1.87 12.45 5.36 17.69l17.09 25.69a31.99 31.99 0 0 0 26.64 14.28h61.71a31.99 31.99 0 0 0 26.64-14.28l17.09-25.69a31.989 31.989 0 0 0 5.36-17.69l.04-38.35H96.01l.05 38.35zM0 176c0 44.37 16.45 84.85 43.56 115.78 16.52 18.85 42.36 58.23 52.21 91.45.04.26.07.52.11.78h160.24c.04-.26.07-.51.11-.78 9.85-33.22 35.69-72.6 52.21-91.45C335.55 260.85 352 220.37 352 176 352 78.61 272.91-.3 175.45 0 73.44.31 0 82.97 0 176zm176-80c-44.11 0-80 35.89-80 80 0 8.84-7.16 16-16 16s-16-7.16-16-16c0-61.76 50.24-112 112-112 8.84 0 16 7.16 16 16s-7.16 16-16 16z\"><\/path><\/svg>\t\t\t\t<\/span>\n\t\t\t<\/div>\n\t\t\t\n\t\t\t\t\t\t<div class=\"elementor-icon-box-content\">\n\n\t\t\t\t\t\t\t\t\t<h3 class=\"elementor-icon-box-title\">\n\t\t\t\t\t\t<span  >\n\t\t\t\t\t\t\tKompetencje w r\u00f3\u017cnych bran\u017cach\t\t\t\t\t\t<\/span>\n\t\t\t\t\t<\/h3>\n\t\t\t\t\n\t\t\t\t\t\t\t\t\t<p class=\"elementor-icon-box-description\">\n\t\t\t\t\t\tPe\u0142na wiedza o \u0142o\u017cyskach \u015blizgowych \u2013 od projektowania po zastosowania w bran\u017cy motoryzacyjnej, hydraulicznej, transportowej i innych sektorach przemys\u0142owych.\t\t\t\t\t<\/p>\n\t\t\t\t\n\t\t\t<\/div>\n\t\t\t\n\t\t<\/div>\n\t\t\t\t\t\t<\/div>\n\t\t\t\t<\/div>\n\t\t<div class=\"elementor-element elementor-element-46904fe e-con-full e-flex e-con e-child\" data-id=\"46904fe\" data-element_type=\"container\" data-e-type=\"container\">\n\t\t\t\t<div class=\"elementor-element elementor-element-daf01c4 elementor-view-framed elementor-shape-square elementor-position-inline-start elementor-mobile-position-block-start elementor-widget elementor-widget-icon-box\" data-id=\"daf01c4\" data-element_type=\"widget\" data-e-type=\"widget\" data-widget_type=\"icon-box.default\">\n\t\t\t\t\t\t\t<div class=\"elementor-icon-box-wrapper\">\n\n\t\t\t\t\t\t<div class=\"elementor-icon-box-icon\">\n\t\t\t\t<span  class=\"elementor-icon\">\n\t\t\t\t<svg aria-hidden=\"true\" class=\"e-font-icon-svg e-fas-medal\" viewbox=\"0 0 512 512\" xmlns=\"http:\/\/www.w3.org\/2000\/svg\"><path d=\"M223.75 130.75L154.62 15.54A31.997 31.997 0 0 0 127.18 0H16.03C3.08 0-4.5 14.57 2.92 25.18l111.27 158.96c29.72-27.77 67.52-46.83 109.56-53.39zM495.97 0H384.82c-11.24 0-21.66 5.9-27.44 15.54l-69.13 115.21c42.04 6.56 79.84 25.62 109.56 53.38L509.08 25.18C516.5 14.57 508.92 0 495.97 0zM256 160c-97.2 0-176 78.8-176 176s78.8 176 176 176 176-78.8 176-176-78.8-176-176-176zm92.52 157.26l-37.93 36.96 8.97 52.22c1.6 9.36-8.26 16.51-16.65 12.09L256 393.88l-46.9 24.65c-8.4 4.45-18.25-2.74-16.65-12.09l8.97-52.22-37.93-36.96c-6.82-6.64-3.05-18.23 6.35-19.59l52.43-7.64 23.43-47.52c2.11-4.28 6.19-6.39 10.28-6.39 4.11 0 8.22 2.14 10.33 6.39l23.43 47.52 52.43 7.64c9.4 1.36 13.17 12.95 6.35 19.59z\"><\/path><\/svg>\t\t\t\t<\/span>\n\t\t\t<\/div>\n\t\t\t\n\t\t\t\t\t\t<div class=\"elementor-icon-box-content\">\n\n\t\t\t\t\t\t\t\t\t<h3 class=\"elementor-icon-box-title\">\n\t\t\t\t\t\t<span  >\n\t\t\t\t\t\t\tPonad 20 lat do\u015bwiadczenia\t\t\t\t\t\t<\/span>\n\t\t\t\t\t<\/h3>\n\t\t\t\t\n\t\t\t\t\t\t\t\t\t<p class=\"elementor-icon-box-description\">\n\t\t\t\t\t\tKnow-how uznane przez klient\u00f3w, po\u0142\u0105czone z podej\u015bciem nastawionym na rozwi\u0105zania, zapewniaj\u0105ce technicznie niezawodne i ekonomicznie zoptymalizowane \u0142o\u017cyska \u015blizgowe.\t\t\t\t\t<\/p>\n\t\t\t\t\n\t\t\t<\/div>\n\t\t\t\n\t\t<\/div>\n\t\t\t\t\t\t<\/div>\n\t\t\t\t<\/div>\n\t\t\t\t<\/div>\n\t\t<div class=\"elementor-element elementor-element-4c1cf37 e-con-full e-flex e-con e-child\" data-id=\"4c1cf37\" data-element_type=\"container\" data-e-type=\"container\">\n\t\t<div class=\"elementor-element elementor-element-a6f2c0a e-con-full e-flex e-con e-child\" data-id=\"a6f2c0a\" data-element_type=\"container\" data-e-type=\"container\">\n\t\t\t\t<div class=\"elementor-element elementor-element-c80beec elementor-view-framed elementor-shape-square elementor-position-inline-start elementor-mobile-position-block-start elementor-widget elementor-widget-icon-box\" data-id=\"c80beec\" data-element_type=\"widget\" data-e-type=\"widget\" data-widget_type=\"icon-box.default\">\n\t\t\t\t\t\t\t<div class=\"elementor-icon-box-wrapper\">\n\n\t\t\t\t\t\t<div class=\"elementor-icon-box-icon\">\n\t\t\t\t<span  class=\"elementor-icon\">\n\t\t\t\t<svg aria-hidden=\"true\" class=\"e-font-icon-svg e-fas-flask\" viewbox=\"0 0 448 512\" xmlns=\"http:\/\/www.w3.org\/2000\/svg\"><path d=\"M437.2 403.5L320 215V64h8c13.3 0 24-10.7 24-24V24c0-13.3-10.7-24-24-24H120c-13.3 0-24 10.7-24 24v16c0 13.3 10.7 24 24 24h8v151L10.8 403.5C-18.5 450.6 15.3 512 70.9 512h306.2c55.7 0 89.4-61.5 60.1-108.5zM137.9 320l48.2-77.6c3.7-5.2 5.8-11.6 5.8-18.4V64h64v160c0 6.9 2.2 13.2 5.8 18.4l48.2 77.6h-172z\"><\/path><\/svg>\t\t\t\t<\/span>\n\t\t\t<\/div>\n\t\t\t\n\t\t\t\t\t\t<div class=\"elementor-icon-box-content\">\n\n\t\t\t\t\t\t\t\t\t<h3 class=\"elementor-icon-box-title\">\n\t\t\t\t\t\t<span  >\n\t\t\t\t\t\t\tInnowacje i wsparcie techniczne\t\t\t\t\t\t<\/span>\n\t\t\t\t\t<\/h3>\n\t\t\t\t\n\t\t\t\t\t\t\t\t\t<p class=\"elementor-icon-box-description\">\n\t\t\t\t\t\tWspierane przez CSB Bearings Technologies i ich centrum R&amp;D, specjalizuj\u0105ce si\u0119 w badaniach i industrializacji wydajnych materia\u0142\u00f3w.\t\t\t\t\t<\/p>\n\t\t\t\t\n\t\t\t<\/div>\n\t\t\t\n\t\t<\/div>\n\t\t\t\t\t\t<\/div>\n\t\t\t\t<\/div>\n\t\t<div class=\"elementor-element elementor-element-be7602c e-con-full e-flex e-con e-child\" data-id=\"be7602c\" data-element_type=\"container\" data-e-type=\"container\">\n\t\t\t\t<div class=\"elementor-element elementor-element-de338d3 elementor-view-framed elementor-shape-square elementor-position-inline-start elementor-mobile-position-block-start elementor-widget elementor-widget-icon-box\" data-id=\"de338d3\" data-element_type=\"widget\" data-e-type=\"widget\" data-widget_type=\"icon-box.default\">\n\t\t\t\t\t\t\t<div class=\"elementor-icon-box-wrapper\">\n\n\t\t\t\t\t\t<div class=\"elementor-icon-box-icon\">\n\t\t\t\t<span  class=\"elementor-icon\">\n\t\t\t\t<svg aria-hidden=\"true\" class=\"e-font-icon-svg e-fas-user\" viewbox=\"0 0 448 512\" xmlns=\"http:\/\/www.w3.org\/2000\/svg\"><path d=\"M224 256c70.7 0 128-57.3 128-128S294.7 0 224 0 96 57.3 96 128s57.3 128 128 128zm89.6 32h-16.7c-22.2 10.2-46.9 16-72.9 16s-50.6-5.8-72.9-16h-16.7C60.2 288 0 348.2 0 422.4V464c0 26.5 21.5 48 48 48h352c26.5 0 48-21.5 48-48v-41.6c0-74.2-60.2-134.4-134.4-134.4z\"><\/path><\/svg>\t\t\t\t<\/span>\n\t\t\t<\/div>\n\t\t\t\n\t\t\t\t\t\t<div class=\"elementor-icon-box-content\">\n\n\t\t\t\t\t\t\t\t\t<h3 class=\"elementor-icon-box-title\">\n\t\t\t\t\t\t<span  >\n\t\t\t\t\t\t\tLokalny i do\u015bwiadczony opiekun\t\t\t\t\t\t<\/span>\n\t\t\t\t\t<\/h3>\n\t\t\t\t\n\t\t\t\t\t\t\t\t\t<p class=\"elementor-icon-box-description\">\n\t\t\t\t\t\tOsobisty kontakt w kraju zapewnia szybk\u0105, sprawn\u0105 i indywidualn\u0105 obs\u0142ug\u0119.\t\t\t\t\t<\/p>\n\t\t\t\t\n\t\t\t<\/div>\n\t\t\t\n\t\t<\/div>\n\t\t\t\t\t\t<\/div>\n\t\t\t\t<\/div>\n\t\t\t\t<\/div>\n\t\t\t\t<\/div>\n\t\t\t\t\t<\/div>\n\t\t\t\t<\/div>\n\t\t\t\t<\/div>","protected":false},"excerpt":{"rendered":"<p>Gleitlager aus verschiedenen sintermetallen, selbstschmierend Sintermetall Gleitlager, selbstschmierend Gleitlager aus verschiedenen Sintermetallen, selbstschmierend und wartungsfrei, kombiniert h\u00f6chste Verschlei\u00dffestigkeit mit chemischer Best\u00e4ndigkeit. Einbaufertig und RoHS-konform, bieten diese Lager zuverl\u00e4ssige Leistung, lange Lebensdauer und minimale Wartung.\u00a0 Ideal f\u00fcr Maschinenbau, Automatisierung und industrielle Anwendungen, bei denen kontinuierliche Schmierung, stabile Laufruhe und langlebige Performance entscheidend sind. Kontaktieren Sie uns [&hellip;]<\/p>\n","protected":false},"author":1,"featured_media":0,"parent":0,"menu_order":0,"comment_status":"closed","ping_status":"closed","template":"","meta":{"footnotes":""},"class_list":["post-916","page","type-page","status-publish","hentry"],"_links":{"self":[{"href":"https:\/\/csb-gleitlager.de\/pl\/wp-json\/wp\/v2\/pages\/916","targetHints":{"allow":["GET"]}}],"collection":[{"href":"https:\/\/csb-gleitlager.de\/pl\/wp-json\/wp\/v2\/pages"}],"about":[{"href":"https:\/\/csb-gleitlager.de\/pl\/wp-json\/wp\/v2\/types\/page"}],"author":[{"embeddable":true,"href":"https:\/\/csb-gleitlager.de\/pl\/wp-json\/wp\/v2\/users\/1"}],"replies":[{"embeddable":true,"href":"https:\/\/csb-gleitlager.de\/pl\/wp-json\/wp\/v2\/comments?post=916"}],"version-history":[{"count":35,"href":"https:\/\/csb-gleitlager.de\/pl\/wp-json\/wp\/v2\/pages\/916\/revisions"}],"predecessor-version":[{"id":1889,"href":"https:\/\/csb-gleitlager.de\/pl\/wp-json\/wp\/v2\/pages\/916\/revisions\/1889"}],"wp:attachment":[{"href":"https:\/\/csb-gleitlager.de\/pl\/wp-json\/wp\/v2\/media?parent=916"}],"curies":[{"name":"wp","href":"https:\/\/api.w.org\/{rel}","templated":true}]}}